{"id":14136,"date":"2025-03-06T07:53:41","date_gmt":"2025-03-06T13:53:41","guid":{"rendered":"https:\/\/sraclc.org\/?page_id=14136"},"modified":"2026-04-02T15:51:59","modified_gmt":"2026-04-02T20:51:59","slug":"we-serve","status":"publish","type":"page","link":"https:\/\/sraclc.org\/es\/we-serve\/","title":{"rendered":"Servimos-Militar De Los Programas De"},"content":{"rendered":"<div class=\"gb-container gb-container-0cf9d029\">\n<div class=\"gb-container gb-container-942a87da\">\n\n<h3 class=\"wp-block-heading\"><strong>Lo Servimos?<\/strong><\/h3>\n\n\n\n<p>El <em>Servimos<\/em> el programa promueve la vida positiva para los veteranos, activos de las fuerzas armadas y sus familias a trav\u00e9s del ejercicio y de la comunidad terap\u00e9utica basada en la recreaci\u00f3n. Las oportunidades incluyen campo de golf, gimnasio y deportes acu\u00e1ticos de pertenencia, adem\u00e1s de una variedad de mensual de eventos de networking y actividades de ocio.<\/p>\n\n\n\n<h3 class=\"wp-block-heading\"><strong>\u00bfQu\u00e9 SRACLC Oferta?<\/strong><\/h3>\n\n\n\n<p>SRACLC y sus Agencias ofrecen seis diferentes membres\u00edas de derecho militar activo y veteranos. Los participantes pueden escoger una membres\u00eda anual sin costo alguno para ellos que incluye una membres\u00eda para una pareja (c\u00f3nyuge, familiar, amigo). Membres\u00eda gratuita solo est\u00e1 disponible para los residentes que residen dentro de los l\u00edmites legales de SRACLC los Organismos Miembros. Adem\u00e1s de las membres\u00edas, semanal y mensual de eventos recreativos se ofrecen, tales como pickleball, golf, arte, d\u00edas de campo, visitas a museos y mucho m\u00e1s.<\/p>\n\n\n<div class=\"gb-container gb-container-38c82be1\">\n<div class=\"gb-container gb-container-fd5187d1\">\n<div class=\"gb-grid-wrapper gb-grid-wrapper-cf7249ef\">\n<div class=\"gb-grid-column gb-grid-column-48976d42\"><div class=\"gb-container gb-container-48976d42\">\n\n<h3 class=\"wp-block-heading\"><strong>Oportunidades De Membres\u00eda Incluyen<\/strong><\/h3>\n\n<\/div><\/div>\n<\/div>\n\n<div class=\"gb-grid-wrapper gb-grid-wrapper-2e210dc5\">\n<div class=\"gb-grid-column gb-grid-column-10464feb\"><div class=\"gb-container gb-container-10464feb\">\n\n<p><strong>Grayslake Parque De La Comunidad Del Distrito<\/strong><\/p>\n\n\n\n<ul class=\"wp-block-list\">\n<li>5 punch pass for the Grayslake Golf Course<\/li>\n\n\n\n<li>Additional punch pass for one partner.&nbsp;<\/li>\n<\/ul>\n\n\n\n<p><strong>Pueblo de Lake Zurich<\/strong><\/p>\n\n\n\n<ul class=\"wp-block-list\">\n<li>One Family Beach Pass to Paulus Park<\/li>\n\n\n\n<li>Ilimitado y gratuito de alquiler de la no-motorizados vasos sangu\u00edneos, dependiente de la disponibilidad<\/li>\n<\/ul>\n\n\n\n<p><strong>Pueblo de Libertyville<\/strong><\/p>\n\n\n\n<ul class=\"wp-block-list\">\n<li>One Family Pool Pass to Adler Pool<\/li>\n<\/ul>\n\n\n\n<p><strong>Mundelein de parques y Recreaci\u00f3n del Distrito<\/strong><\/p>\n\n\n\n<ul class=\"wp-block-list\">\n<li>Un a\u00f1o de Membres\u00eda de Gimnasio<\/li>\n\n\n\n<li>Un a\u00f1o de Gimnasio Membres\u00eda para una pareja<\/li>\n\n\n\n<li>5 personal training sessions for the military member<\/li>\n<\/ul>\n\n<\/div><\/div>\n\n<div class=\"gb-grid-column gb-grid-column-ea79ccd6\"><div class=\"gb-container gb-container-ea79ccd6\">\n\n<p><strong>Ronda De La Zona Del Lago Del Distrito De Parques<\/strong><\/p>\n\n\n\n<ul class=\"wp-block-list\">\n<li>10 punch pasar de 9 hoyos con el carro o Simulador de Golf en Renwood campo de Golf<\/li>\n\n\n\n<li>10 punz\u00f3n de paso para el peque\u00f1o cubo de bolas en Renwood de la Gama de Conducci\u00f3n<\/li>\n\n\n\n<li>De Jugador Frecuente De La Tarjeta De\n<ul class=\"wp-block-list\">\n<li>Tasa de descuento despu\u00e9s de 10 golpes<\/li>\n\n\n\n<li>Tasa de descuento para el socio (puede ser una persona diferente cada vez)<\/li>\n<\/ul>\n<\/li>\n<\/ul>\n\n\n\n<p><strong>Vernon Hills Park District<\/strong><\/p>\n\n\n\n<ul class=\"wp-block-list\">\n<li>Un a\u00f1o de Membres\u00eda de Gimnasio<\/li>\n\n\n\n<li>Un a\u00f1o de Gimnasio Membres\u00eda para una pareja<\/li>\n<\/ul>\n\n\n\n<p><\/p>\n\n<\/div><\/div>\n<\/div>\n<\/div>\n<\/div>\n\n\n<h3 class=\"gb-headline gb-headline-1c9e504e gb-headline-text\"><strong>\u00bfC\u00f3mo Me Inscribo?<\/strong><\/h3>\n\n\n\n<p>Si usted o alguien que usted conoce es un veterano o activo actualmente en las fuerzas armadas y est\u00e1n interesados en SRACLC del <em>Servimos<\/em> program, please contact the SRACLC office at 847-816-4866 to schedule an intake meeting with the <em>Servimos<\/em> Coordinator. This meeting is approximately 30-60 minutes and the Coordinator will review the paperwork, program, and opportunities offered. Post intake, the Coordinator will assist with enrollment into desired membership and programs.<\/p>\n\n\n\n<a class=\"gb-button gb-button-c30ca76d gb-button-text\" href=\"https:\/\/web2.myvscloud.com\/wbwsc\/ilsraclcwt.wsc\/splash.html\" target=\"_blank\" rel=\"noopener noreferrer\">Registro para los Programas Aqu\u00ed<\/a>\n\n<\/div>\n<\/div>","protected":false},"excerpt":{"rendered":"<p>What Is We Serve? The We Serve program promotes positive living for veterans, active military, and their families through fitness and community-based therapeutic recreation. Opportunities include golf, fitness, and aquatics membership plus a variety of monthly networking events and leisure activities. What Does SRACLC Offer? SRACLC and its Member Agencies offer six different memberships to &#8230; <a title=\"Servimos-Militar De Los Programas De\" class=\"read-more\" href=\"https:\/\/sraclc.org\/es\/we-serve\/\" aria-label=\"Leer m\u00e1s sobre We Serve-Military Programs\">Read more<\/a><\/p>","protected":false},"author":1,"featured_media":0,"parent":0,"menu_order":0,"comment_status":"closed","ping_status":"closed","template":"","meta":{"footnotes":""},"class_list":["post-14136","page","type-page","status-publish"],"_links":{"self":[{"href":"https:\/\/sraclc.org\/es\/wp-json\/wp\/v2\/pages\/14136","targetHints":{"allow":["GET"]}}],"collection":[{"href":"https:\/\/sraclc.org\/es\/wp-json\/wp\/v2\/pages"}],"about":[{"href":"https:\/\/sraclc.org\/es\/wp-json\/wp\/v2\/types\/page"}],"author":[{"embeddable":true,"href":"https:\/\/sraclc.org\/es\/wp-json\/wp\/v2\/users\/1"}],"replies":[{"embeddable":true,"href":"https:\/\/sraclc.org\/es\/wp-json\/wp\/v2\/comments?post=14136"}],"version-history":[{"count":4,"href":"https:\/\/sraclc.org\/es\/wp-json\/wp\/v2\/pages\/14136\/revisions"}],"predecessor-version":[{"id":17035,"href":"https:\/\/sraclc.org\/es\/wp-json\/wp\/v2\/pages\/14136\/revisions\/17035"}],"wp:attachment":[{"href":"https:\/\/sraclc.org\/es\/wp-json\/wp\/v2\/media?parent=14136"}],"curies":[{"name":"wp","href":"https:\/\/api.w.org\/{rel}","templated":true}]}}