{"id":175,"date":"2019-05-14T16:16:42","date_gmt":"2019-05-14T16:16:42","guid":{"rendered":"https:\/\/sraclc.org\/wp2\/?page_id=175"},"modified":"2023-06-27T16:10:04","modified_gmt":"2023-06-27T16:10:04","slug":"inclusion-services","status":"publish","type":"page","link":"https:\/\/sraclc.org\/es\/about-us\/inclusion-services\/","title":{"rendered":"La Inclusi\u00f3n De Los Servicios De"},"content":{"rendered":"<p><img loading=\"lazy\" decoding=\"async\" class=\"size-full wp-image-7065 alignright\" src=\"https:\/\/sraclc.org\/wp2\/wp-content\/uploads\/2020\/10\/Inclusion.jpg\" alt=\"Happy Boy in stroller Apple Picking\" width=\"250\" height=\"349\" srcset=\"https:\/\/sraclc.org\/wp2\/wp-content\/uploads\/2020\/10\/Inclusion.jpg 250w, https:\/\/sraclc.org\/wp2\/wp-content\/uploads\/2020\/10\/Inclusion-215x300.jpg 215w\" sizes=\"auto, (max-width: 250px) 100vw, 250px\" \/>SRACLC ofrece cerca de 500 programas de recreaci\u00f3n al a\u00f1o para las personas de todas las edades y habilidades. SRACLC cree en la igualdad de oportunidades para todas y todos deber\u00edan poder participar en su m\u00e1s alto nivel deseado.<\/p>\n<p>SRACLC y sus Agencias Miembros de proporcionar la inclusi\u00f3n de los servicios a las personas con discapacidad que deseen participar en el Parque de Distrito y de Aldea de los programas de recreaci\u00f3n, sin costo adicional para la familia. La inclusi\u00f3n de los servicios pueden incluir, cuando sea necesario, la capacitaci\u00f3n del personal, programa de las modificaciones\/adaptaciones, material adaptado, personal adicional, y programas de observaciones.<\/p>\n<p><strong>Solicitar La Inclusi\u00f3n De Los Servicios De<br \/>\n<\/strong>Al registrarse en un Parque del Distrito o el Departamento de Recreaci\u00f3n programa por primera vez:<\/p>\n<ul>\n<li>Marca de la ADA secci\u00f3n de alojamiento en el formulario de registro para indicar que usted est\u00e1 solicitando un alojamiento posible.<\/li>\n<li>Una vez que su formulario de inscripci\u00f3n presentada, el Distrito o el Departamento de Recreaci\u00f3n se pondr\u00e1 en contacto con usted para discutir el tipo de inclusi\u00f3n de soporte que pueden ser necesarios para el participante.<\/li>\n<li>El Parque de Distrito o el Departamento de Recreaci\u00f3n proporcionar\u00e1 SRACLC con una formal petici\u00f3n de inclusi\u00f3n que contiene el programa y la informaci\u00f3n del participante.<\/li>\n<li>Usted ser\u00e1 contactado por el Departamento de Recreaci\u00f3n o el Parque de Distrito para discutir las necesidades de los participantes y obtener informaci\u00f3n sobre el tipo de apoyo requerido.<\/li>\n<li>SRACLC va a trabajar con el Distrito o el Departamento de Recreaci\u00f3n para poner la necesaria inclusi\u00f3n de alojamientos en el lugar para la participaci\u00f3n en el programa deseado(s).<\/li>\n<li>La comunicaci\u00f3n entre usted, SRACLC, y el Parque de Distrito o el Departamento de Recreaci\u00f3n personal contin\u00faa durante todo el proceso de Inclusi\u00f3n.<\/li>\n<\/ul>\n<p>Alojamiento puede ser en la forma de personal adicional, el equipo de adaptaci\u00f3n, o la actividad de las adaptaciones. Para m\u00e1s informaci\u00f3n p\u00f3ngase en contacto con nuestro Coordinador de Inclusi\u00f3n en <a href=\"mailto:staffing@sraclc.org\">staffing@sraclc.org<\/a>.<\/p>","protected":false},"excerpt":{"rendered":"<p>SRACLC offers nearly 500 recreation programs per year for people of all ages and ability. SRACLC believes in equal opportunity for all and everyone should be allowed to participate at their highest desired level. SRACLC and their Member Agencies provide inclusion services to individuals with disabilities wishing to participate in the Park District and Village &#8230; <a title=\"La Inclusi\u00f3n De Los Servicios De\" class=\"read-more\" href=\"https:\/\/sraclc.org\/es\/about-us\/inclusion-services\/\" aria-label=\"Leer m\u00e1s sobre Inclusion Services\">Read more<\/a><\/p>","protected":false},"author":1,"featured_media":0,"parent":18,"menu_order":0,"comment_status":"closed","ping_status":"closed","template":"","meta":{"footnotes":""},"class_list":["post-175","page","type-page","status-publish"],"_links":{"self":[{"href":"https:\/\/sraclc.org\/es\/wp-json\/wp\/v2\/pages\/175","targetHints":{"allow":["GET"]}}],"collection":[{"href":"https:\/\/sraclc.org\/es\/wp-json\/wp\/v2\/pages"}],"about":[{"href":"https:\/\/sraclc.org\/es\/wp-json\/wp\/v2\/types\/page"}],"author":[{"embeddable":true,"href":"https:\/\/sraclc.org\/es\/wp-json\/wp\/v2\/users\/1"}],"replies":[{"embeddable":true,"href":"https:\/\/sraclc.org\/es\/wp-json\/wp\/v2\/comments?post=175"}],"version-history":[{"count":15,"href":"https:\/\/sraclc.org\/es\/wp-json\/wp\/v2\/pages\/175\/revisions"}],"predecessor-version":[{"id":8616,"href":"https:\/\/sraclc.org\/es\/wp-json\/wp\/v2\/pages\/175\/revisions\/8616"}],"up":[{"embeddable":true,"href":"https:\/\/sraclc.org\/es\/wp-json\/wp\/v2\/pages\/18"}],"wp:attachment":[{"href":"https:\/\/sraclc.org\/es\/wp-json\/wp\/v2\/media?parent=175"}],"curies":[{"name":"wp","href":"https:\/\/api.w.org\/{rel}","templated":true}]}}