{"id":18,"date":"2019-04-24T19:16:17","date_gmt":"2019-04-24T19:16:17","guid":{"rendered":"http:\/\/sraclc.org\/wp2\/?page_id=18"},"modified":"2025-05-16T11:40:11","modified_gmt":"2025-05-16T16:40:11","slug":"about-us","status":"publish","type":"page","link":"https:\/\/sraclc.org\/es\/about-us\/","title":{"rendered":"\u00bfQu\u00e9 es SRACLC?"},"content":{"rendered":"<p>El Especial de Recreaci\u00f3n de la Asociaci\u00f3n de la Central del Condado de Lake se form\u00f3 en 1976 como un esfuerzo de cooperaci\u00f3n de los Organismos Miembros para proporcionar todo el a\u00f1o basado en la comunidad de servicios de recreaci\u00f3n para las personas con discapacidad y sus familias. Los Organismos miembros proporcionan la principal fuente de ingresos operacionales a trav\u00e9s de una propiedad de recaudaci\u00f3n de impuestos disponibles para el parque de los distritos y municipios que hayan celebrado un acuerdo de cooperaci\u00f3n, o a trav\u00e9s de un fondo general.<\/p>\n\n\n\n<p><strong>Misi\u00f3n<br><\/strong>El Especial de Recreaci\u00f3n de la Asociaci\u00f3n de la Central del Condado de Lake ofrece los programas de recreaci\u00f3n y servicios para personas con necesidades especiales o con discapacidad y a sus familias, que residen dentro de los l\u00edmites de los Estados de la Agencia de las comunidades.<\/p>\n\n\n\n<p><strong>La visi\u00f3n<br><\/strong>Para ser un l\u00edder respetado por ofrecer alta calidad basada en la comunidad de recreaci\u00f3n de experiencias que enriquezcan la calidad de vida de nuestros participantes y sus familias.<\/p>\n\n\n<div class=\"gb-container gb-container-cf8670f4\">\n<div class=\"gb-grid-wrapper gb-grid-wrapper-1b7ab69d\">\n<div class=\"gb-grid-column gb-grid-column-0bac10da\"><div class=\"gb-container gb-container-0bac10da\">\n\n<figure class=\"gb-block-image gb-block-image-99dddfda\"><img loading=\"lazy\" decoding=\"async\" width=\"250\" height=\"280\" class=\"gb-image gb-image-99dddfda\" src=\"https:\/\/sraclc.org\/wp2\/wp-content\/uploads\/2024\/08\/Teen-fishingCrop.jpg\" alt=\"Teen age boy smiling and fishing\" title=\"Adolescente fishingCrop\" srcset=\"https:\/\/sraclc.org\/wp2\/wp-content\/uploads\/2024\/08\/Teen-fishingCrop.jpg 250w, https:\/\/sraclc.org\/wp2\/wp-content\/uploads\/2024\/08\/Teen-fishingCrop-11x12.jpg 11w\" sizes=\"auto, (max-width: 250px) 100vw, 250px\" \/><\/figure>\n\n<\/div><\/div>\n\n<div class=\"gb-grid-column gb-grid-column-37025363\"><div class=\"gb-container gb-container-37025363\">\n\n<p><strong>Objetivos<\/strong><\/p>\n\n\n\n<ul class=\"wp-block-list\">\n<li>SRACLC va a implementar y mantener una amplia base de la recreaci\u00f3n de programaci\u00f3n que abarca los deportes, las artes culturales, sociales y de ocio de la independencia.<\/li>\n\n\n\n<li>SRACLC ayudar\u00e1 a su Miembro de la cooperativa de las Agencias y de las poblaciones a las que sirven.<\/li>\n\n\n\n<li>SRACLC va a operar y prestar los servicios recreativos de la utilizaci\u00f3n de una gesti\u00f3n fiscal s\u00f3lida.<\/li>\n\n\n\n<li>SRACLC va a cumplir con las leyes federales, estatales y locales, y los mandatos.<\/li>\n\n\n\n<li>SRACLC activamente comercializar y promocionar sus servicios a la comunidad.<\/li>\n\n\n\n<li>SRACLC va a mantener y ayudar a su Fundaci\u00f3n y de sus esfuerzos de recaudaci\u00f3n de fondos.<\/li>\n\n\n\n<li><a href=\"https:\/\/sraclc.org\/wp2\/wp-content\/uploads\/2025\/05\/agency-goals-2025.pdf\" target=\"_blank\" rel=\"noreferrer noopener\">See All 2025 Goals and Objectives<\/a><\/li>\n<\/ul>\n\n<\/div><\/div>\n<\/div>\n<\/div>\n\n\n<p><strong>Asesor De Padres De Reuniones<br><\/strong>Asesor de padres de Reuniones se llevan a cabo cada primavera y oto\u00f1o, con un prop\u00f3sito de voz a los intereses y necesidades de aquellos a quienes servimos. SRACLC personal ser\u00e1 el anfitri\u00f3n de las reuniones y, a continuaci\u00f3n, informe a la SRACLC Director. Por favor, ver sus correos electr\u00f3nicos para invitaciones de reuni\u00f3n o contacto con Kelly en <a href=\"mailto:ksmith@sraclc.org\">ksmith@sraclc.org<\/a> con preguntas.<\/p>","protected":false},"excerpt":{"rendered":"<p>The Special Recreation Association of Central Lake County was formed in 1976 as a cooperative effort of Member Agencies to provide year-round community-based recreation services to individuals with disabilities and their families. Member Agencies provide the primary source of operational revenue through a property tax levy available to park districts and municipalities who have entered &#8230; <a title=\"\u00bfQu\u00e9 es SRACLC?\" class=\"read-more\" href=\"https:\/\/sraclc.org\/es\/about-us\/\" aria-label=\"Leer m\u00e1s sobre What is SRACLC?\">Read more<\/a><\/p>","protected":false},"author":1,"featured_media":0,"parent":0,"menu_order":0,"comment_status":"closed","ping_status":"closed","template":"","meta":{"footnotes":""},"class_list":["post-18","page","type-page","status-publish"],"_links":{"self":[{"href":"https:\/\/sraclc.org\/es\/wp-json\/wp\/v2\/pages\/18","targetHints":{"allow":["GET"]}}],"collection":[{"href":"https:\/\/sraclc.org\/es\/wp-json\/wp\/v2\/pages"}],"about":[{"href":"https:\/\/sraclc.org\/es\/wp-json\/wp\/v2\/types\/page"}],"author":[{"embeddable":true,"href":"https:\/\/sraclc.org\/es\/wp-json\/wp\/v2\/users\/1"}],"replies":[{"embeddable":true,"href":"https:\/\/sraclc.org\/es\/wp-json\/wp\/v2\/comments?post=18"}],"version-history":[{"count":19,"href":"https:\/\/sraclc.org\/es\/wp-json\/wp\/v2\/pages\/18\/revisions"}],"predecessor-version":[{"id":16354,"href":"https:\/\/sraclc.org\/es\/wp-json\/wp\/v2\/pages\/18\/revisions\/16354"}],"wp:attachment":[{"href":"https:\/\/sraclc.org\/es\/wp-json\/wp\/v2\/media?parent=18"}],"curies":[{"name":"wp","href":"https:\/\/api.w.org\/{rel}","templated":true}]}}