{"id":203,"date":"2019-06-17T16:44:51","date_gmt":"2019-06-17T16:44:51","guid":{"rendered":"https:\/\/sraclc.org\/wp2\/?page_id=203"},"modified":"2020-10-01T15:06:00","modified_gmt":"2020-10-01T15:06:00","slug":"internship","status":"publish","type":"page","link":"https:\/\/sraclc.org\/es\/work-with-us\/internship\/","title":{"rendered":"Pasant\u00eda"},"content":{"rendered":"<p><strong>General De Pasant\u00edas<img loading=\"lazy\" decoding=\"async\" class=\"alignright size-full wp-image-7066\" src=\"https:\/\/sraclc.org\/wp2\/wp-content\/uploads\/2020\/10\/Internship.jpg\" alt=\"\" width=\"250\" height=\"283\"> <\/strong><\/p>\n<p>SRACLC ofrece oportunidades de pasant\u00edas de todo el a\u00f1o para los estudiantes universitarios de la licenciatura en Recreaci\u00f3n Terap\u00e9utica o un campo relacionado. Cada experiencia est\u00e1 espec\u00edficamente dise\u00f1ado para preparar al estudiante para su carrera profesional mediante la combinaci\u00f3n de la pr\u00e1ctica, con las manos en el aprendizaje de la utilizaci\u00f3n de sus antecedentes educativos. Los deberes incluyen manos a la obra con las personas con discapacidad, programa de planificaci\u00f3n, el liderazgo y la evaluaci\u00f3n, junto con la exposici\u00f3n a la comercializaci\u00f3n y recaudaci\u00f3n de fondos. Estamos buscando entusiasta, organizada, creativa y de personas con fuertes habilidades de liderazgo.<\/p>\n<p><strong>Compensaci\u00f3n: <\/strong>Salario semanal est\u00e1 disponible<br \/>\n<strong>Horario: <\/strong>Las horas del d\u00eda, por las tardes y los fines de semana, horario flexible, 15-35 por semana<\/p>\n<p><strong>Recreaci\u00f3n Terap\u00e9utica Pasant\u00eda <\/strong><\/p>\n<p>El Especial de Recreaci\u00f3n de la Asociaci\u00f3n de la Central del Condado de Lake (SRACLC) proporciona comunidad durante todo el a\u00f1o basado en los programas de recreaci\u00f3n y servicios para personas con necesidades especiales y sus familias. Los estudiantes ser\u00e1n asignados a muchas de las tareas y situaciones a lo largo de las pr\u00e1cticas que se incluyen la exposici\u00f3n a los NCTRC analisis de puesto de Trabajo y tendr\u00e1 un efecto duradero en su futuro. La Recreaci\u00f3n Terap\u00e9utica Pasant\u00eda est\u00e1 dise\u00f1ado espec\u00edficamente para los estudiantes que cumplan con los requisitos para el Consejo Nacional para la Recreaci\u00f3n de Certificaci\u00f3n.<\/p>\n<p><strong>Requisitos: <\/strong><\/p>\n<ul>\n<li>Asistir a un colegio o universidad acreditada para adquirir un t\u00edtulo de Licenciatura en Recreaci\u00f3n Terap\u00e9utica o de recreaci\u00f3n terap\u00e9utica \u00e9nfasis.<\/li>\n<li>Capacidad para ayudar con la evaluaci\u00f3n, planificaci\u00f3n, desarrollo, implementaci\u00f3n y evaluaci\u00f3n de programas de actividades para la SRACLC de la poblaci\u00f3n.<\/li>\n<li>Fuertes habilidades interpersonales y la capacidad de comunicarse de manera efectiva con los clientes, compa\u00f1eros de personal a tiempo completo, a tiempo parcial del personal, los voluntarios del campamento de d\u00eda el personal, los padres\/tutores, el parque de distrito y el personal del distrito escolar, as\u00ed como a los miembros del p\u00fablico en general.<\/li>\n<li>Capacidad para participar en actividades que requieren esfuerzo f\u00edsico. Capacidad para realizar funciones requeridas bajo situaciones de estr\u00e9s con la supervisi\u00f3n.<\/li>\n<li>Primeros Auxilios\/CPR preferido.<\/li>\n<li>Historial de manejo limpio y verificaci\u00f3n de antecedentes penales.<\/li>\n<\/ul>\n<p><strong>Deberes y Responsabilidades esenciales (incluyendo, pero no limitados a): <\/strong><\/p>\n<ul>\n<li>Ayudar a planificar, desarrollar, dirigir, y evaluar programas de recreaci\u00f3n terap\u00e9utica.<\/li>\n<li>Asistir en la supervisi\u00f3n y la evaluaci\u00f3n de la parte de tiempo de personal y los voluntarios en los programas asignados.<\/li>\n<li>Ayudar con el desarrollo de metas y objetivos para cada programa asignado y ayudar con el mantenimiento de todos los documentos del programa; es decir, registros, formularios, y de la correspondencia.<\/li>\n<li>Ayudar al personal de tiempo completo con el desarrollo y el mantenimiento de una comunicaci\u00f3n efectiva con los maestros de educaci\u00f3n especial, de servicios sociales de los trabajadores, los miembros de la comunidad, padres, y personal de la agencia.<\/li>\n<li>Completar una Agencia de Proyecto de pr\u00e1cticas como determinados conjuntamente por el supervisor y el estudiante en pr\u00e1cticas.<\/li>\n<li>Unidad autob\u00fas o en coche, programas, eventos de temporada, excursiones y\/o reuniones.<\/li>\n<li>Proporcionar apoyo f\u00edsico y emocional a ni\u00f1os y adultos con limitaciones a la hora de trabajar y participar en actividades que requieran asistencia.<\/li>\n<li>Adherirse a las pol\u00edticas de seguridad como se indica por la PDRMA Programa de Control de P\u00e9rdida y la SRACLC Manual de Seguridad.<\/li>\n<li>Realizar otras tareas relacionadas con los deberes de una Recreaci\u00f3n Terap\u00e9utica Pasante.<\/li>\n<li>Debe ser capaz de trabajar de manera eficiente y eficaz bajo presi\u00f3n, tales como los plazos y emergencias.<\/li>\n<li>Debe demostrar una adecuada cualidades de liderazgo.<\/li>\n<\/ul>\n<p><strong>Fecha De Cierre <\/strong><\/p>\n<p>Semestre De Primavera: 1 De Octubre De<br \/>\nSemestre De Verano: Del 15 De Febrero De<br \/>\nSemestre De Oto\u00f1o: Del 1 De Abril De<\/p>\n<p><strong>Para Aplicar <\/strong><\/p>\n<p>Por favor, correo electr\u00f3nico una carta de presentaci\u00f3n, curriculum vitae, y la aplicaci\u00f3n de Kelly Smith en <a href=\"mailto:ksmith@sraclc.org\">ksmith@sraclc.org<\/a><\/p>","protected":false},"excerpt":{"rendered":"<p>General Internship SRACLC offers internship opportunities year-round to college students majoring in Therapeutic Recreation or a related field. Each experience is specifically designed to prepare the student for their professional career by combining practical, hands on learning utilizing their educational backgrounds. Duties include working hands on with people with disabilities, program planning, leadership, and evaluation, &#8230; <a title=\"Pasant\u00eda\" class=\"read-more\" href=\"https:\/\/sraclc.org\/es\/work-with-us\/internship\/\" aria-label=\"Leer m\u00e1s sobre Internship\">Read more<\/a><\/p>","protected":false},"author":1,"featured_media":0,"parent":67,"menu_order":2,"comment_status":"closed","ping_status":"closed","template":"","meta":{"footnotes":""},"class_list":["post-203","page","type-page","status-publish"],"_links":{"self":[{"href":"https:\/\/sraclc.org\/es\/wp-json\/wp\/v2\/pages\/203","targetHints":{"allow":["GET"]}}],"collection":[{"href":"https:\/\/sraclc.org\/es\/wp-json\/wp\/v2\/pages"}],"about":[{"href":"https:\/\/sraclc.org\/es\/wp-json\/wp\/v2\/types\/page"}],"author":[{"embeddable":true,"href":"https:\/\/sraclc.org\/es\/wp-json\/wp\/v2\/users\/1"}],"replies":[{"embeddable":true,"href":"https:\/\/sraclc.org\/es\/wp-json\/wp\/v2\/comments?post=203"}],"version-history":[{"count":6,"href":"https:\/\/sraclc.org\/es\/wp-json\/wp\/v2\/pages\/203\/revisions"}],"predecessor-version":[{"id":7090,"href":"https:\/\/sraclc.org\/es\/wp-json\/wp\/v2\/pages\/203\/revisions\/7090"}],"up":[{"embeddable":true,"href":"https:\/\/sraclc.org\/es\/wp-json\/wp\/v2\/pages\/67"}],"wp:attachment":[{"href":"https:\/\/sraclc.org\/es\/wp-json\/wp\/v2\/media?parent=203"}],"curies":[{"name":"wp","href":"https:\/\/api.w.org\/{rel}","templated":true}]}}