{"id":260,"date":"2019-06-27T15:48:52","date_gmt":"2019-06-27T15:48:52","guid":{"rendered":"https:\/\/sraclc.org\/wp2\/?page_id=260"},"modified":"2025-04-21T22:54:13","modified_gmt":"2025-04-22T03:54:13","slug":"participant-forms","status":"publish","type":"page","link":"https:\/\/sraclc.org\/es\/registration\/participant-forms\/","title":{"rendered":"Participante Formas"},"content":{"rendered":"<p><strong>Papel\u00a0<\/strong><b>Formulario De Inscripci\u00f3n<\/b><\/p>\n<p><a href=\"https:\/\/sraclc.org\/wp2\/wp-content\/uploads\/2023\/02\/1.-Registration-and-Waiver.pdf\" target=\"_blank\" rel=\"noopener\">Formulario De Inscripci\u00f3n<\/a><\/p>\n<p><strong>Medicamento De Dispensaci\u00f3n- <\/strong><strong>SRACLC personal puede dispensar la medicaci\u00f3n s\u00f3lo si los siguientes procedimientos se han completado:<\/strong><\/p>\n<ul>\n<li>Una corriente Permiso para Medicamentos de Dispensaci\u00f3n formulario es completado y firmado por el padre\/tutor.<\/li>\n<li>El medicamento debe ser entregado al l\u00edder del programa envasados en dosis individual cantidades marcadas por el tiempo de dosificaci\u00f3n y el d\u00eda.<\/li>\n<li>Dosis, el tiempo, y los posibles efectos secundarios se nota claramente.<\/li>\n<li>Todos los formularios deben ser completados y aprobados a trav\u00e9s de la oficina antes del programa.<\/li>\n<li>SRACLC personal no administrar medicamentos que no est\u00e1n aprobados por la FDA.<\/li>\n<\/ul>\n<p><strong>NO env\u00ede ninguna informaci\u00f3n de los medicamentos a la escuela de su hijo con las expectativas que debe darse a SRACLC.<\/strong><\/p>\n<p>SRACLC personal, en ning\u00fan caso puede realizar una inyecci\u00f3n o cualquier otro m\u00e9dicamente procedimiento invasivo. <a href=\"https:\/\/sraclc.org\/wp2\/wp-content\/uploads\/2019\/07\/Medication-Dispensing-Form-with-Fields-1.pdf\" target=\"_blank\" rel=\"noopener noreferrer\">Descargar Formulario<\/a><strong>\u00a0<\/strong><\/p>\n<p><strong>Formulario De Informaci\u00f3n Anual<br \/>\n<\/strong>SRACLC requiere que todos los participantes para completar anualmente un Formulario de Informaci\u00f3n Anual (FIA). El formulario cuenta con personal con informaci\u00f3n valiosa que permite SRACLC a cabo sus actividades de la manera m\u00e1s segura posible y para satisfacer las necesidades b\u00e1sicas de los participantes. <a href=\"https:\/\/sraclc.org\/wp2\/wp-content\/uploads\/2023\/02\/2.-AIF-Med-Seizure-Combo.pdf\" target=\"_blank\" rel=\"noopener\">Descargar Formulario<\/a><\/p>\n<p><strong>Campamento De D\u00eda De Los Padres Paquete<br \/>\n<\/strong>Una vez que un ni\u00f1o\/adolescente que est\u00e1 inscrita en el campamento de verano, SRACLC pide que cada familia completa el paquete para los padres. Cada uno de los padres paquete incluye un Padre Campamento de Gu\u00eda, las Direcciones y Mapas, la Autorizaci\u00f3n para la Recogida en el Formulario de Medicamentos de Dispensaci\u00f3n de la Informaci\u00f3n y la Renuncia, Cuestionario para Padres de familia, y el Formulario de Informaci\u00f3n Anual.<\/p>\n<p><a href=\"https:\/\/sraclc.org\/wp2\/wp-content\/uploads\/2024\/05\/2.-AIF-Med-Seizure-Combo-1.pdf\" target=\"_blank\" rel=\"noopener\">Formulario De Informaci\u00f3n Anual<\/a><\/p>\n<p><a href=\"https:\/\/sraclc.org\/wp2\/wp-content\/uploads\/2025\/04\/2025-Parent-Pack.pdf\" target=\"_blank\" rel=\"noopener\">Campamento De D\u00eda De Los Padres Paquete<\/a><\/p>\n<p><strong>Solicitud De Ayuda Financiera<br \/>\n<\/strong>El compromiso de SRACLC y los Organismos Miembros es proporcionar a todos los individuos considerados &#034;residentes&#034; de la oportunidad para la participaci\u00f3n en SRACLC programas. La Ayuda financiera debe ser solicitada por escrito a cada programa de la temporada. Las personas que buscan ayuda financiera debe comunicarse con el SRACLC Director, Juan Buckner, para obtener m\u00e1s informaci\u00f3n acerca del proceso y de pago diferido Opciones. <a href=\"https:\/\/sraclc.org\/wp2\/wp-content\/uploads\/2023\/10\/10.-Financial-Aid.pdf\" target=\"_blank\" rel=\"noopener\">Descargar Formulario<\/a><\/p>\n<p><strong>El Alcohol Renuncia<br \/>\n<\/strong>Los participantes que deseen adquirir bebidas alcoh\u00f3licas, en determinados programas, puede hacerlo con una renuncia firmada y ser\u00e1 limitado a dos bebidas. El individuo debe traer una IDENTIFICACI\u00d3N con foto con ellos para el programa. <a href=\"https:\/\/sraclc.org\/wp2\/wp-content\/uploads\/2019\/12\/8.-Alcohol-Consumption.pdf\" target=\"_blank\" rel=\"noopener noreferrer\">Descargar Renuncia<\/a><\/p>\n<p><strong>La Incautaci\u00f3n De Exenci\u00f3n De<br \/>\n<\/strong>Por favor completa nuestro Convulsiones Renuncia y el Cuestionario con el Formulario de Informaci\u00f3n Anual de arriba, si es aplicable. Si usted est\u00e1 interesado en aprender acerca de nuestro Convulsiones Renuncia, por favor p\u00f3ngase en contacto con nuestra oficina al (847) 816-4866 o<a href=\"mailto:info@sraclc.org\"> info@sraclc.org<\/a>.<\/p>\n<p><strong>C\u00f3digo de Conducta<br \/>\n<\/strong>El principal prop\u00f3sito de este c\u00f3digo de conducta es establecer un est\u00e1ndar para el atleta y el padre\/tutor de comportamiento que garanticen la seguridad y el bienestar de todos los atletas, padres\/tutores, entrenadores y voluntarios que participan en el entrenamiento y la competici\u00f3n. Todos los atletas y a los padres\/tutores que se espera cumplir con este c\u00f3digo de conducta. <a href=\"https:\/\/sraclc.org\/wp2\/wp-content\/uploads\/2019\/07\/SRACLC-Crusaders-Athletics-Code-of-Conduct-fill-in.pdf\" target=\"_blank\" rel=\"noopener noreferrer\">Descargar Formulario<\/a><\/p>\n<hr \/>\n<p><strong><img loading=\"lazy\" decoding=\"async\" class=\"alignleft size-full wp-image-676\" src=\"https:\/\/sraclc.org\/wp2\/wp-content\/uploads\/2019\/10\/Special-Olympics-Logo.jpg\" alt=\"\" width=\"231\" height=\"203\" \/>Especial juegos Ol\u00edmpicos de Solicitud de Participaci\u00f3n<\/strong><\/p>\n<p>Todos los Cruzados, los atletas deben tener una validez de las Olimpiadas Especiales de Forma M\u00e9dica para la Participaci\u00f3n en el archivo de Olimpiadas Especiales de Illinois. Todos los formularios deben ser completados y firmados por un m\u00e9dico para ser considerado v\u00e1lido. Las solicitudes deben ser v\u00e1lidos desde el inicio de la pr\u00e1ctica a trav\u00e9s de la \u00faltima fecha del torneo para cada deporte en el que el atleta compite. Todos los atletas est\u00e1n obligados a firmar un Especial de los juegos Ol\u00edmpicos formulario de Consentimiento. Por favor descargar estos formularios a continuaci\u00f3n. <strong>ANNOUNCEMENT: All Special Olympic Medical Forms will expire December 31, 2025.<\/strong><br \/>\n<a href=\"https:\/\/sraclc.org\/wp2\/wp-content\/uploads\/2022\/08\/S1-09-Athlete-Medical-Form-English-Version.pdf\" target=\"_blank\" rel=\"noopener\">Atleta Formulario M\u00e9dico<\/a><\/p>\n<p>Una vez completa, se someten a la SRACLC oficina y SRACLC de archivos con las Olimpiadas Especiales de Illinois.<\/p>","protected":false},"excerpt":{"rendered":"<p>Paper\u00a0Registration Form Registration Form Medication Dispensing- SRACLC staff may dispense medication only if the following procedures have been completed: A current Permission for Medication Dispensing form is completed and signed by parent\/guardian. Medication must be given to the leader of the program packaged in individual dosage amounts labeled per dosing time and day. Dosage, time, &#8230; <a title=\"Participante Formas\" class=\"read-more\" href=\"https:\/\/sraclc.org\/es\/registration\/participant-forms\/\" aria-label=\"Leer m\u00e1s sobre Participant Forms\">Read more<\/a><\/p>","protected":false},"author":1,"featured_media":0,"parent":61,"menu_order":0,"comment_status":"closed","ping_status":"closed","template":"","meta":{"footnotes":""},"class_list":["post-260","page","type-page","status-publish"],"_links":{"self":[{"href":"https:\/\/sraclc.org\/es\/wp-json\/wp\/v2\/pages\/260","targetHints":{"allow":["GET"]}}],"collection":[{"href":"https:\/\/sraclc.org\/es\/wp-json\/wp\/v2\/pages"}],"about":[{"href":"https:\/\/sraclc.org\/es\/wp-json\/wp\/v2\/types\/page"}],"author":[{"embeddable":true,"href":"https:\/\/sraclc.org\/es\/wp-json\/wp\/v2\/users\/1"}],"replies":[{"embeddable":true,"href":"https:\/\/sraclc.org\/es\/wp-json\/wp\/v2\/comments?post=260"}],"version-history":[{"count":52,"href":"https:\/\/sraclc.org\/es\/wp-json\/wp\/v2\/pages\/260\/revisions"}],"predecessor-version":[{"id":16274,"href":"https:\/\/sraclc.org\/es\/wp-json\/wp\/v2\/pages\/260\/revisions\/16274"}],"up":[{"embeddable":true,"href":"https:\/\/sraclc.org\/es\/wp-json\/wp\/v2\/pages\/61"}],"wp:attachment":[{"href":"https:\/\/sraclc.org\/es\/wp-json\/wp\/v2\/media?parent=260"}],"curies":[{"name":"wp","href":"https:\/\/api.w.org\/{rel}","templated":true}]}}