{"id":294,"date":"2019-07-19T17:28:41","date_gmt":"2019-07-19T17:28:41","guid":{"rendered":"https:\/\/sraclc.org\/wp2\/?page_id=294"},"modified":"2025-09-23T10:20:19","modified_gmt":"2025-09-23T15:20:19","slug":"active-adult","status":"publish","type":"page","link":"https:\/\/sraclc.org\/es\/programs\/active-adult\/","title":{"rendered":"El D\u00eda De Los Adultos"},"content":{"rendered":"<p>Adultos activos es SRACLC durante todo el a\u00f1o para adultos programa de d\u00eda para las personas que son 22 y mayores con discapacidad. Esta recreaci\u00f3n basada programa est\u00e1 dise\u00f1ado para enriquecer las vidas de sus participantes, manteniendo el bienestar personal, la socializaci\u00f3n y habilidades para la vida.<\/p>\n\n\n\n<p><strong>Los Elementos Centrales De <\/strong><\/p>\n\n\n\n<ul class=\"wp-block-list\">\n<li>Recreaci\u00f3n\/Ocio de la comunidad de excursiones, deportes y juegos, arte y artesan\u00edas y artes culturales<\/li>\n\n\n\n<li>El bienestar y la Salud de los entrenamientos y actividades de la nutrici\u00f3n<\/li>\n\n\n\n<li>Habilidades para la vida-la etiqueta social, manejo de dinero, y personal de seguridad<\/li>\n\n\n\n<li>Socializaci\u00f3n-habilidades de comunicaci\u00f3n y juegos cooperativos<\/li>\n<\/ul>\n\n\n\n<p><strong>Programa de Sitios y horas de Reuni\u00f3n<br><\/strong>Todos los sitios de satisfacer las 9:30am-2:30pm por 44 semanas al a\u00f1o.<\/p>\n\n\n\n<p><strong>Lake Zurich-The Hope Collective<\/strong><br><a href=\"https:\/\/www.google.com\/maps\/place\/23153+W+Miller+Rd,+Lake+Zurich,+IL+60047\/@42.2143804,-88.0911709,17z\/data=!4m10!1m2!2m1!1s23153+W.+Miller+Rd.+Lake+Zurich!3m6!1s0x880fa20401ed75f5:0x4d83f172dc526063!8m2!3d42.2153275!4d-88.0849377!15sCh8yMzE1MyBXLiBNaWxsZXIgUmQuIExha2UgWnVyaWNokgERY29tcG91bmRfYnVpbGRpbmfgAQA!16s%2Fg%2F11bw41x2kj?entry=ttu&amp;g_ep=EgoyMDI1MDQxNC4xIKXMDSoASAFQAw%3D%3D\" target=\"_blank\" rel=\"noreferrer noopener\"><a href=\"https:\/\/maps.app.goo.gl\/dyNtyMkCqa244ZYKA\" target=\"_blank\" rel=\"noopener\">23153 W. Miller Rd. Lake Zurich<\/a><\/a><br>Se Re\u00fane De Lunes A Jueves<\/p>\n\n\n\n<p><strong>Mundelein-Kracklauer Park<\/strong><br><a href=\"https:\/\/www.google.com\/maps\/place\/Mundelein+Dance+Studio\/@42.2649548,-88.0023776,18z\/data=!4m15!1m8!3m7!1s0x880f977a6edd90cb:0x315af9f45a833e7a!2s100+N+Seymour+Ave,+Mundelein,+IL+60060!3b1!8m2!3d42.2649449!4d-88.0029409!16s%2Fg%2F11b8v4jb21!3m5!1s0x880f977a72789463:0x813e12fddd671a5!8m2!3d42.2649632!4d-88.0029268!16s%2Fg%2F1vntkh36?entry=ttu&amp;g_ep=EgoyMDI1MDkyMS4wIKXMDSoASAFQAw%3D%3D\" target=\"_blank\" rel=\"noreferrer noopener\">100 N. Seymour Avenue, Mundelein<\/a><br>Se Re\u00fane De Lunes A Jueves<\/p>\n\n\n\n<p><strong>Round Lake-Especial Centro De Recreaci\u00f3n<\/strong><br><a href=\"https:\/\/goo.gl\/maps\/ZdhigvZUPiuf5TGR8\" target=\"_blank\" rel=\"noopener\">2071 N. Orchard Lane, Round Lake Beach<\/a><br>Se Re\u00fane De Lunes A Viernes<\/p>\n\n\n\n<p><strong>Vernon Hills-Hartmann Pabell\u00f3n<\/strong><br><a href=\"https:\/\/goo.gl\/maps\/Mo9BaMy6qZ67u7V36\" target=\"_blank\" rel=\"noopener\">292 Oakwood Carretera, Vernon Hills<\/a><br>Se Re\u00fane De Lunes A Jueves<\/p>\n\n\n\n<p><strong>No Hay Fechas Del Programa:<\/strong><\/p>\n\n\n\n<p>Spring Break week (last full week of March) <br>The week of Memorial Day and the week following <br>Fourth of July week <br>Labor Day week <br>Thanksgiving week <br>Two weeks around the Christmas and New Year holidays <\/p>\n\n\n\n<p><strong>Proceso De Admisi\u00f3n<\/strong><\/p>\n\n\n\n<ol class=\"wp-block-list\">\n<li>En contacto con la persona Activa, Gerente de la SRACLC Oficina (847) 816-4866.<\/li>\n\n\n\n<li>Un tour para los posibles nuevos participantes y a sus familias a ver que el programa de instalaci\u00f3n y, si es posible la programaci\u00f3n de actividades.<\/li>\n\n\n\n<li>Una Evaluaci\u00f3n de la Ingesta es completado por la persona Activa, Gerente, con el nuevo potencial participante y su familia. Esta evaluaci\u00f3n proporciona al personal con informaci\u00f3n valiosa que permite SRACLC a cabo sus actividades de la manera m\u00e1s segura posible y para satisfacer las necesidades b\u00e1sicas de los participantes.\n<ol class=\"wp-block-list\">\n<li>Horario y con \u00e9xito, asistir a un d\u00eda de prueba en el programa deseado ubicaci\u00f3n.<\/li>\n\n\n\n<li>Basado en la disponibilidad del programa, el participante ser\u00e1 inscrito en el programa deseado y\/o en la lista de espera.<\/li>\n\n\n\n<li>Una vez admitidos en el programa, los participantes ser\u00e1n reevaluados despu\u00e9s de tres semanas para evaluar la Todos los participantes ser\u00e1n evaluados anualmente para asegurar el correcto agrupaciones y la dotaci\u00f3n de personal.<\/li>\n<\/ol>\n<\/li>\n<\/ol>\n\n\n\n<p><strong>Proceso De Registro<\/strong><\/p>\n\n\n\n<ol class=\"wp-block-list\">\n<li>\u00danico de registro\n<ol class=\"wp-block-list\">\n<li>Despu\u00e9s de la inicial de inscripci\u00f3n, cada participante deber\u00e1 permanecer inscrito en el programa hasta que la renuncia se presente una notificaci\u00f3n a la SRACLC Oficina. El programa de las cuotas ser\u00e1 retirado mensual.<\/li>\n<\/ol>\n<\/li>\n\n\n\n<li>En la lista de espera\n<ol class=\"wp-block-list\">\n<li>La inscripci\u00f3n en Adultos Activos se basa en la disponibilidad en el programa. Si la ubicaci\u00f3n deseada y\/o d\u00edas no est\u00e1n disponibles, a continuaci\u00f3n, el participante ser\u00e1 puesto en la lista de espera.<\/li>\n\n\n\n<li>Una vez que hay una apertura en el programa, la persona Activa, el Administrador se pondr\u00e1 en contacto con la primera persona en la lista y contin\u00fae a trav\u00e9s de la lista hasta el lugar se llena.<\/li>\n\n\n\n<li>Si un participante en la lista de espera se ofrece la admisi\u00f3n en el programa y se ha rechazado dos veces, que el participante luego ser\u00e1 trasladado a la parte inferior de la lista de espera. La \u00fanica excepci\u00f3n es si el participante a\u00fan est\u00e1 actualmente matriculado en la escuela.<\/li>\n\n\n\n<li>&nbsp;Individuals who are 20 years of age or older are encouraged to add to the waitlist.&nbsp;<\/li>\n\n\n\n<li>A deposit is required for enrollment onto the Active Adult waitlist. Once enrolled, this deposit will be put towards your first fee payment. A full deposit refund will be given to those who withdraw from the waitlist.<\/li>\n<\/ol>\n<\/li>\n<\/ol>\n\n\n\n<p>Resident Program Fees Per Month<br><br>1 Day $199.00<br>2 Days $398.00<br>3 Days $597.00<br>4 Days $796.00<br>5 Days $995.00<\/p>\n\n\n\n<p><strong>Informaci\u00f3n De Contacto<br><\/strong>Para obtener m\u00e1s informaci\u00f3n, por favor visite nuestro sitio web o p\u00f3ngase en contacto Renee Stoklosa, persona Activa, Gerente de Recreaci\u00f3n<br>Tel\u00e9fono: 847-816-4866<br>Correo electr\u00f3nico: <a href=\"mailto:rstoklosa@sraclc.org\">rstoklosa@sraclc.org<\/a><\/p>","protected":false},"excerpt":{"rendered":"<p>Active Adult is SRACLC\u2019s year-round adult day program for individuals who are 22 and older with disabilities. This recreation based program is designed to enrich the lives of its participants while maintaining personal wellness, socialization, and living skills. Core Elements Program Sites and Meeting TimesAll sites meet 9:30am-2:30pm for 44 weeks per year. Lake Zurich-The &#8230; <a title=\"El D\u00eda De Los Adultos\" class=\"read-more\" href=\"https:\/\/sraclc.org\/es\/programs\/active-adult\/\" aria-label=\"Leer m\u00e1s sobre Adult Day\">Read more<\/a><\/p>","protected":false},"author":1,"featured_media":0,"parent":59,"menu_order":5,"comment_status":"closed","ping_status":"closed","template":"","meta":{"footnotes":""},"class_list":["post-294","page","type-page","status-publish"],"_links":{"self":[{"href":"https:\/\/sraclc.org\/es\/wp-json\/wp\/v2\/pages\/294","targetHints":{"allow":["GET"]}}],"collection":[{"href":"https:\/\/sraclc.org\/es\/wp-json\/wp\/v2\/pages"}],"about":[{"href":"https:\/\/sraclc.org\/es\/wp-json\/wp\/v2\/types\/page"}],"author":[{"embeddable":true,"href":"https:\/\/sraclc.org\/es\/wp-json\/wp\/v2\/users\/1"}],"replies":[{"embeddable":true,"href":"https:\/\/sraclc.org\/es\/wp-json\/wp\/v2\/comments?post=294"}],"version-history":[{"count":44,"href":"https:\/\/sraclc.org\/es\/wp-json\/wp\/v2\/pages\/294\/revisions"}],"predecessor-version":[{"id":16594,"href":"https:\/\/sraclc.org\/es\/wp-json\/wp\/v2\/pages\/294\/revisions\/16594"}],"up":[{"embeddable":true,"href":"https:\/\/sraclc.org\/es\/wp-json\/wp\/v2\/pages\/59"}],"wp:attachment":[{"href":"https:\/\/sraclc.org\/es\/wp-json\/wp\/v2\/media?parent=294"}],"curies":[{"name":"wp","href":"https:\/\/api.w.org\/{rel}","templated":true}]}}