{"id":298,"date":"2019-07-19T17:30:20","date_gmt":"2019-07-19T17:30:20","guid":{"rendered":"https:\/\/sraclc.org\/wp2\/?page_id=298"},"modified":"2024-08-16T11:31:32","modified_gmt":"2024-08-16T16:31:32","slug":"leisure-education","status":"publish","type":"page","link":"https:\/\/sraclc.org\/es\/programs\/leisure-education\/","title":{"rendered":"Educaci\u00f3n En El Tiempo Libre"},"content":{"rendered":"<p><img loading=\"lazy\" decoding=\"async\" class=\"alignleft size-medium wp-image-11943\" src=\"https:\/\/sraclc.org\/wp2\/wp-content\/uploads\/2024\/08\/Leisure-Education-300x195.jpg\" alt=\"A group of teens and adults at a lemonade  stand\" width=\"300\" height=\"195\" srcset=\"https:\/\/sraclc.org\/wp2\/wp-content\/uploads\/2024\/08\/Leisure-Education-300x195.jpg 300w, https:\/\/sraclc.org\/wp2\/wp-content\/uploads\/2024\/08\/Leisure-Education-18x12.jpg 18w, https:\/\/sraclc.org\/wp2\/wp-content\/uploads\/2024\/08\/Leisure-Education.jpg 450w\" sizes=\"auto, (max-width: 300px) 100vw, 300px\" \/>SRACLC y los distritos escolares locales colaborar para educar a los estudiantes acerca de la recreaci\u00f3n y las actividades de ocio disponibles para ellos dentro de las comunidades en las que residen.<\/p>\n<p>Educaci\u00f3n en el tiempo libre es una herramienta de asistencia para que una persona pueda obtener una comprensi\u00f3n m\u00e1s amplia de d\u00f3nde, por qu\u00e9, c\u00f3mo y con quien \u00e9l\/ella puede proceder de ocio, intereses y experiencias. Educaci\u00f3n en el tiempo libre tambi\u00e9n ayuda a las personas a desarrollar los diferentes modos de ocio de comportamiento que les permitan adaptarse al entorno para cumplir con su tiempo libre de necesidades.<\/p>\n<p>The goals of each leisure education program will be adapted to best fit the needs of each classroom. Leisure education opportunities include but are not limited to group field trips, fitness classes, or in-house activities. For more information or to schedule an activity, please get in touch with Katie Owen at kowen@sraclc.org or contact our office at 847-816-4866.<\/p>\n<p>&nbsp;<\/p>","protected":false},"excerpt":{"rendered":"<p>SRACLC and the local school districts collaborate to educate the students about the recreation and leisure activities available to them within the communities they reside. Leisure Education is an assistive tool to enable an individual to gain a broader understanding of where, why, how, and with whom he\/she can pursue leisure interests and experiences. Leisure &#8230; <a title=\"Educaci\u00f3n En El Tiempo Libre\" class=\"read-more\" href=\"https:\/\/sraclc.org\/es\/programs\/leisure-education\/\" aria-label=\"Leer m\u00e1s sobre Leisure Education\">Read more<\/a><\/p>","protected":false},"author":1,"featured_media":0,"parent":59,"menu_order":7,"comment_status":"closed","ping_status":"closed","template":"","meta":{"footnotes":""},"class_list":["post-298","page","type-page","status-publish"],"_links":{"self":[{"href":"https:\/\/sraclc.org\/es\/wp-json\/wp\/v2\/pages\/298","targetHints":{"allow":["GET"]}}],"collection":[{"href":"https:\/\/sraclc.org\/es\/wp-json\/wp\/v2\/pages"}],"about":[{"href":"https:\/\/sraclc.org\/es\/wp-json\/wp\/v2\/types\/page"}],"author":[{"embeddable":true,"href":"https:\/\/sraclc.org\/es\/wp-json\/wp\/v2\/users\/1"}],"replies":[{"embeddable":true,"href":"https:\/\/sraclc.org\/es\/wp-json\/wp\/v2\/comments?post=298"}],"version-history":[{"count":13,"href":"https:\/\/sraclc.org\/es\/wp-json\/wp\/v2\/pages\/298\/revisions"}],"predecessor-version":[{"id":11944,"href":"https:\/\/sraclc.org\/es\/wp-json\/wp\/v2\/pages\/298\/revisions\/11944"}],"up":[{"embeddable":true,"href":"https:\/\/sraclc.org\/es\/wp-json\/wp\/v2\/pages\/59"}],"wp:attachment":[{"href":"https:\/\/sraclc.org\/es\/wp-json\/wp\/v2\/media?parent=298"}],"curies":[{"name":"wp","href":"https:\/\/api.w.org\/{rel}","templated":true}]}}