{"id":380,"date":"2019-07-23T17:42:30","date_gmt":"2019-07-23T17:42:30","guid":{"rendered":"https:\/\/sraclc.org\/wp2\/?page_id=380"},"modified":"2025-04-18T08:42:18","modified_gmt":"2025-04-18T13:42:18","slug":"our-foundation","status":"publish","type":"page","link":"https:\/\/sraclc.org\/es\/support-us\/our-foundation\/","title":{"rendered":"Nuestra Fundaci\u00f3n"},"content":{"rendered":"<p><img loading=\"lazy\" decoding=\"async\" class=\"size-full wp-image-483 alignnone\" src=\"https:\/\/sraclc.org\/wp2\/wp-content\/uploads\/2019\/07\/SRACLC-FoundationLogo_web2.jpg\" alt=\"\" width=\"217\" height=\"91\" \/><\/p>\n<p>El Especial de Recreaci\u00f3n de la Asociaci\u00f3n de la Central del Condado de Lake de la Fundaci\u00f3n, un IRS aprobado 501(C)(3) de la entidad, se form\u00f3 en 2001 con el prop\u00f3sito de proporcionar apoyo financiero a SRACLC programaci\u00f3n para las personas con discapacidad y sus familias. La Fundaci\u00f3n se compone de profesionales y fil\u00e1ntropos que trabajar juntos para desarrollar programas a largo plazo de dar por individuos, empresas y organizaciones para el logro de los objetivos y los ideales de SRACLC.<\/p>\n<p><strong>SRACLC Fundaci\u00f3n est\u00e1 dedicada a la recaudaci\u00f3n de fondos en un esfuerzo para alcanzar los siguientes objetivos:<\/strong><\/p>\n<p style=\"padding-left: 40px;\">\u2022 Subsidiar Especial De Entrenamiento Ol\u00edmpico<br \/>\n\u2022 Ofrecer Tarifas Reducidas para las Familias con Dificultades Financieras<br \/>\n\u2022 Compra De Equipo Especializado<br \/>\n\u2022 Mejorar Ciertos Eventos Especiales<br \/>\n\u2022 Proporcionar Acceso A Transporte<\/p>\n<p><strong>SRACLC de la Fundaci\u00f3n de la Declaraci\u00f3n de la Misi\u00f3n<\/strong><br \/>\nEl Especial de Recreaci\u00f3n de la Asociaci\u00f3n de la Central del Condado de Lake de la Fundaci\u00f3n proporciona apoyo financiero para los programas y actividades de SRACLC y crea conciencia de las oportunidades de recreaci\u00f3n para los ni\u00f1os a trav\u00e9s de los adultos mayores con necesidades especiales.<\/p>\n<p><strong>SRACLC de Fiduciarios de la Fundaci\u00f3n<\/strong><\/p>\n<table id=\"AutoNumber3\" style=\"height: 50px;\" border=\"0\" width=\"692\" cellspacing=\"0\" cellpadding=\"3\">\n<tbody>\n<tr>\n<td style=\"text-align: left;\" align=\"center\" valign=\"top\" width=\"30%\" height=\"102\">Michael Barbini<br \/>\nLiza Bravine<br \/>\nJulia Bond<br \/>\nTina Dillon<br \/>\nAnn Dingman<\/td>\n<td style=\"text-align: left;\" align=\"center\" valign=\"top\" width=\"30%\" height=\"102\">Dave Dingman<br \/>\nRon Graham<br \/>\nM\u00f3nica Lundeen<br \/>\nTimoteo Nockels<br \/>\nVicki Purcell<\/td>\n<td style=\"text-align: left;\" align=\"center\" valign=\"top\" width=\"40%\" height=\"102\"><\/td>\n<\/tr>\n<\/tbody>\n<\/table>\n<p><strong>Asesor <\/strong>Juan Buckner<\/p>\n<p><strong>Enlace<\/strong> Cassie Wodrich<\/p>\n<p>Para m\u00e1s detalles sobre el SRACLC Fundaci\u00f3n en contacto con el SRACLC Oficina en 847-816-4866.<\/p>","protected":false},"excerpt":{"rendered":"<p>The Special Recreation Association of Central Lake County Foundation, an IRS approved 501(C)(3) entity, was formed in 2001 with a purpose to provide financial support to SRACLC\u2019s programming for individuals with disabilities and their families. The Foundation is made up of professionals and philanthropists who work together to develop long term programs of giving by &#8230; <a title=\"Nuestra Fundaci\u00f3n\" class=\"read-more\" href=\"https:\/\/sraclc.org\/es\/support-us\/our-foundation\/\" aria-label=\"Leer m\u00e1s sobre Our Foundation\">Read more<\/a><\/p>","protected":false},"author":1,"featured_media":0,"parent":65,"menu_order":0,"comment_status":"closed","ping_status":"closed","template":"","meta":{"footnotes":""},"class_list":["post-380","page","type-page","status-publish"],"_links":{"self":[{"href":"https:\/\/sraclc.org\/es\/wp-json\/wp\/v2\/pages\/380","targetHints":{"allow":["GET"]}}],"collection":[{"href":"https:\/\/sraclc.org\/es\/wp-json\/wp\/v2\/pages"}],"about":[{"href":"https:\/\/sraclc.org\/es\/wp-json\/wp\/v2\/types\/page"}],"author":[{"embeddable":true,"href":"https:\/\/sraclc.org\/es\/wp-json\/wp\/v2\/users\/1"}],"replies":[{"embeddable":true,"href":"https:\/\/sraclc.org\/es\/wp-json\/wp\/v2\/comments?post=380"}],"version-history":[{"count":18,"href":"https:\/\/sraclc.org\/es\/wp-json\/wp\/v2\/pages\/380\/revisions"}],"predecessor-version":[{"id":16265,"href":"https:\/\/sraclc.org\/es\/wp-json\/wp\/v2\/pages\/380\/revisions\/16265"}],"up":[{"embeddable":true,"href":"https:\/\/sraclc.org\/es\/wp-json\/wp\/v2\/pages\/65"}],"wp:attachment":[{"href":"https:\/\/sraclc.org\/es\/wp-json\/wp\/v2\/media?parent=380"}],"curies":[{"name":"wp","href":"https:\/\/api.w.org\/{rel}","templated":true}]}}