{"id":388,"date":"2019-07-23T18:07:04","date_gmt":"2019-07-23T18:07:04","guid":{"rendered":"https:\/\/sraclc.org\/wp2\/?page_id=388"},"modified":"2025-06-26T11:54:07","modified_gmt":"2025-06-26T16:54:07","slug":"our-sponsors","status":"publish","type":"page","link":"https:\/\/sraclc.org\/es\/our-sponsors\/","title":{"rendered":"Nuestros Patrocinadores"},"content":{"rendered":"<p>SRACLC y nuestra Fundaci\u00f3n gustar\u00eda agradecer a nuestros patrocinadores por su apoyo continuo a una tasa anual de eventos. Si usted o su empresa est\u00e1 interesado en nuestros Paquetes de Patrocinio o asistiendo a los eventos de ver nuestra p\u00e1gina de Eventos o p\u00f3ngase en contacto SRACLC Oficina Principal en 847-816-4866.<\/p>\n\n\n<div class=\"gb-container gb-container-2385cf35\"><div class=\"gb-inside-container\">\n<div class=\"gb-grid-wrapper gb-grid-wrapper-bc50910e\">\n<div class=\"gb-grid-column gb-grid-column-725d64e9\"><div class=\"gb-container gb-container-725d64e9\">\n\n<h2 class=\"wp-block-heading\">Excursi\u00f3n De Golf<\/h2>\n\n\n\n<p><strong>Grand Patrocinadores<\/strong><br>3M MINISTERIOS<br>MITSUBISHI ELECTRIC AUTOMATION, Inc.<br>PARA el Dise\u00f1o de Medios<\/p>\n\n\n\n<p><strong>Los Patrocinadores Del Evento<\/strong><br>SRACLC Fundaci\u00f3n<br>PRUEBA de Entrenador<\/p>\n\n<\/div><\/div>\n\n<div class=\"gb-grid-column gb-grid-column-0570f9ba\"><div class=\"gb-container gb-container-0570f9ba\">\n\n<h2 class=\"wp-block-heading\">Bourbon &amp; Vino<\/h2>\n\n\n\n<p><strong>Grand Patrocinadores<\/strong><br>3M MINISTERIOS<br>MITSUBISHI ELECTRIC AUTOMATION, Inc.<br>Rust-Oleum<\/p>\n\n<\/div><\/div>\n\n<div class=\"gb-grid-column gb-grid-column-cfa7a155\"><div class=\"gb-container gb-container-cfa7a155\">\n\n<h2 class=\"gb-headline gb-headline-44845c78 gb-headline-text\">\u00c1rbol Fest Patrocinadores<\/h2>\n\n\n\n<p><strong>Luces Deslumbrantes Patrocinador<\/strong><br>PARA el Dise\u00f1o de Medios<\/p>\n\n\n\n<p><strong>Abrir Y Cerrar \u00c1rbol Patrocinador<\/strong><br>Caballeros de Col\u00f3n Cardinal Stritch Consejo #3674<br>Las Oficinas de abogados de Tadeo M Bond Jr &amp; Associates<br>Libertyville Bank &amp; Trust<br>Rust-Oleum<br>PK Bennett Joyeros<\/p>\n\n\n\n<p><strong>Plata Garland Patrocinador<\/strong><br>Mitsubishi<\/p>\n\n\n\n<p><strong>Jingle Bell Patrocinador<\/strong><br>Agentes De State Farm: Dave Dingman<br>La Familia Smith<\/p>\n\n<\/div><\/div>\n<\/div>\n<\/div><\/div>\n\n<div class=\"gb-container gb-container-126176dc\">\n\n<p><\/p>\n\n\n\n<p><\/p>\n\n<\/div>\n\n<div class=\"wp-block-image\">\n<figure class=\"alignleft\"><img loading=\"lazy\" decoding=\"async\" width=\"200\" height=\"200\" src=\"https:\/\/sraclc.org\/wp2\/wp-content\/uploads\/2021\/02\/final_TCLogo.jpg\" alt=\"Test Coach Logo\" class=\"wp-image-7300\" srcset=\"https:\/\/sraclc.org\/wp2\/wp-content\/uploads\/2021\/02\/final_TCLogo.jpg 200w, https:\/\/sraclc.org\/wp2\/wp-content\/uploads\/2021\/02\/final_TCLogo-150x150.jpg 150w\" sizes=\"auto, (max-width: 200px) 100vw, 200px\" \/><\/figure>\n<\/div>\n\n<div class=\"wp-block-image\">\n<figure class=\"alignleft\"><img loading=\"lazy\" decoding=\"async\" width=\"200\" height=\"200\" src=\"https:\/\/sraclc.org\/wp2\/wp-content\/uploads\/2021\/02\/Mitsubishi_Electric_Logo.jpg\" alt=\"Mitsubishi_Electric_Logo\" class=\"wp-image-7301\" srcset=\"https:\/\/sraclc.org\/wp2\/wp-content\/uploads\/2021\/02\/Mitsubishi_Electric_Logo.jpg 200w, https:\/\/sraclc.org\/wp2\/wp-content\/uploads\/2021\/02\/Mitsubishi_Electric_Logo-150x150.jpg 150w\" sizes=\"auto, (max-width: 200px) 100vw, 200px\" \/><\/figure>\n<\/div>\n\n<div class=\"wp-block-image\">\n<figure class=\"alignleft\"><img loading=\"lazy\" decoding=\"async\" width=\"200\" height=\"200\" src=\"https:\/\/sraclc.org\/wp2\/wp-content\/uploads\/2021\/02\/Law_Office_of_Ted_Bond_Logo.jpg\" alt=\"Law_Office_of_Ted_Bond_Logo\" class=\"wp-image-7304\" srcset=\"https:\/\/sraclc.org\/wp2\/wp-content\/uploads\/2021\/02\/Law_Office_of_Ted_Bond_Logo.jpg 200w, https:\/\/sraclc.org\/wp2\/wp-content\/uploads\/2021\/02\/Law_Office_of_Ted_Bond_Logo-150x150.jpg 150w\" sizes=\"auto, (max-width: 200px) 100vw, 200px\" \/><\/figure>\n<\/div>\n\n<div class=\"wp-block-image\">\n<figure class=\"alignleft\"><img loading=\"lazy\" decoding=\"async\" width=\"200\" height=\"200\" src=\"https:\/\/sraclc.org\/wp2\/wp-content\/uploads\/2021\/02\/State-Farm-David-Dingman-Logo.jpg\" alt=\"State-Farm-David-Dingman-Logo\" class=\"wp-image-7309\" srcset=\"https:\/\/sraclc.org\/wp2\/wp-content\/uploads\/2021\/02\/State-Farm-David-Dingman-Logo.jpg 200w, https:\/\/sraclc.org\/wp2\/wp-content\/uploads\/2021\/02\/State-Farm-David-Dingman-Logo-150x150.jpg 150w\" sizes=\"auto, (max-width: 200px) 100vw, 200px\" \/><\/figure>\n<\/div>\n\n<div class=\"wp-block-image\">\n<figure class=\"alignleft\"><img loading=\"lazy\" decoding=\"async\" width=\"200\" height=\"200\" src=\"https:\/\/sraclc.org\/wp2\/wp-content\/uploads\/2021\/02\/Rustoleum_logo.jpg\" alt=\"Rustoleum_logo\" class=\"wp-image-7314\" srcset=\"https:\/\/sraclc.org\/wp2\/wp-content\/uploads\/2021\/02\/Rustoleum_logo.jpg 200w, https:\/\/sraclc.org\/wp2\/wp-content\/uploads\/2021\/02\/Rustoleum_logo-150x150.jpg 150w\" sizes=\"auto, (max-width: 200px) 100vw, 200px\" \/><\/figure>\n<\/div>\n\n<div class=\"wp-block-image\">\n<figure class=\"alignleft\"><img loading=\"lazy\" decoding=\"async\" width=\"200\" height=\"200\" src=\"https:\/\/sraclc.org\/wp2\/wp-content\/uploads\/2021\/02\/Libertyville_BankandTrust_Logo.jpg\" alt=\"Libertyville_BankandTrust_Logo\" class=\"wp-image-7313\" srcset=\"https:\/\/sraclc.org\/wp2\/wp-content\/uploads\/2021\/02\/Libertyville_BankandTrust_Logo.jpg 200w, https:\/\/sraclc.org\/wp2\/wp-content\/uploads\/2021\/02\/Libertyville_BankandTrust_Logo-150x150.jpg 150w\" sizes=\"auto, (max-width: 200px) 100vw, 200px\" \/><\/figure>\n<\/div>\n\n<div class=\"wp-block-image\">\n<figure class=\"alignleft\"><img loading=\"lazy\" decoding=\"async\" width=\"200\" height=\"200\" src=\"https:\/\/sraclc.org\/wp2\/wp-content\/uploads\/2021\/02\/Knights_of_Columbia_Logo.jpg\" alt=\"Knights_of_Columbia_Logo\" class=\"wp-image-7312\" srcset=\"https:\/\/sraclc.org\/wp2\/wp-content\/uploads\/2021\/02\/Knights_of_Columbia_Logo.jpg 200w, https:\/\/sraclc.org\/wp2\/wp-content\/uploads\/2021\/02\/Knights_of_Columbia_Logo-150x150.jpg 150w\" sizes=\"auto, (max-width: 200px) 100vw, 200px\" \/><\/figure>\n<\/div>\n\n<div class=\"wp-block-image\">\n<figure class=\"alignleft\"><img loading=\"lazy\" decoding=\"async\" width=\"200\" height=\"200\" src=\"https:\/\/sraclc.org\/wp2\/wp-content\/uploads\/2021\/02\/Mitsubishi_Electric_VisionCommitte_Logo.jpg\" alt=\"Mitsubishi_Electric_VisionCommitte_Logo\" class=\"wp-image-7307\" srcset=\"https:\/\/sraclc.org\/wp2\/wp-content\/uploads\/2021\/02\/Mitsubishi_Electric_VisionCommitte_Logo.jpg 200w, https:\/\/sraclc.org\/wp2\/wp-content\/uploads\/2021\/02\/Mitsubishi_Electric_VisionCommitte_Logo-150x150.jpg 150w\" sizes=\"auto, (max-width: 200px) 100vw, 200px\" \/><\/figure>\n<\/div>\n\n<div class=\"wp-block-image\">\n<figure class=\"alignleft\"><img loading=\"lazy\" decoding=\"async\" width=\"200\" height=\"200\" src=\"https:\/\/sraclc.org\/wp2\/wp-content\/uploads\/2021\/02\/North_Shore_TristandSavings_Logo.jpg\" alt=\"North_Shore_TristandSavings_Logo\" class=\"wp-image-7306\" srcset=\"https:\/\/sraclc.org\/wp2\/wp-content\/uploads\/2021\/02\/North_Shore_TristandSavings_Logo.jpg 200w, https:\/\/sraclc.org\/wp2\/wp-content\/uploads\/2021\/02\/North_Shore_TristandSavings_Logo-150x150.jpg 150w\" sizes=\"auto, (max-width: 200px) 100vw, 200px\" \/><\/figure>\n<\/div>\n\n<div class=\"wp-block-image\">\n<figure class=\"alignleft\"><img loading=\"lazy\" decoding=\"async\" width=\"200\" height=\"200\" src=\"https:\/\/sraclc.org\/wp2\/wp-content\/uploads\/2021\/02\/TO-Media-Design-Logo.jpg\" alt=\"TO-Media-Design-Logo\" class=\"wp-image-7302\" srcset=\"https:\/\/sraclc.org\/wp2\/wp-content\/uploads\/2021\/02\/TO-Media-Design-Logo.jpg 200w, https:\/\/sraclc.org\/wp2\/wp-content\/uploads\/2021\/02\/TO-Media-Design-Logo-150x150.jpg 150w\" sizes=\"auto, (max-width: 200px) 100vw, 200px\" \/><\/figure>\n<\/div>\n\n<div class=\"wp-block-image\">\n<figure class=\"alignleft\"><img loading=\"lazy\" decoding=\"async\" width=\"200\" height=\"200\" src=\"https:\/\/sraclc.org\/wp2\/wp-content\/uploads\/2021\/02\/Mitsubishi_Electric_Foundatione_Logo.jpg\" alt=\"Mitsubishi_Electric_Foundatione_Logo\" class=\"wp-image-7305\" srcset=\"https:\/\/sraclc.org\/wp2\/wp-content\/uploads\/2021\/02\/Mitsubishi_Electric_Foundatione_Logo.jpg 200w, https:\/\/sraclc.org\/wp2\/wp-content\/uploads\/2021\/02\/Mitsubishi_Electric_Foundatione_Logo-150x150.jpg 150w\" sizes=\"auto, (max-width: 200px) 100vw, 200px\" \/><\/figure>\n<\/div>\n\n<div class=\"wp-block-image\">\n<figure class=\"alignleft\"><img loading=\"lazy\" decoding=\"async\" width=\"200\" height=\"200\" src=\"https:\/\/sraclc.org\/wp2\/wp-content\/uploads\/2021\/02\/pk-bennett.jpg\" alt=\"pk-bennett\" class=\"wp-image-7303\" srcset=\"https:\/\/sraclc.org\/wp2\/wp-content\/uploads\/2021\/02\/pk-bennett.jpg 200w, https:\/\/sraclc.org\/wp2\/wp-content\/uploads\/2021\/02\/pk-bennett-150x150.jpg 150w\" sizes=\"auto, (max-width: 200px) 100vw, 200px\" \/><\/figure>\n<\/div>","protected":false},"excerpt":{"rendered":"<p>SRACLC y nuestra Fundaci\u00f3n gustar\u00eda agradecer a nuestros patrocinadores por su apoyo continuo a una tasa anual de eventos. Si usted o su empresa est\u00e1 interesado en nuestros Paquetes de Patrocinio o asistiendo a los eventos de ver nuestra p\u00e1gina de Eventos o p\u00f3ngase en contacto SRACLC Oficina Principal en 847-816-4866.<\/p>","protected":false},"author":1,"featured_media":0,"parent":0,"menu_order":0,"comment_status":"closed","ping_status":"closed","template":"","meta":{"footnotes":""},"class_list":["post-388","page","type-page","status-publish"],"_links":{"self":[{"href":"https:\/\/sraclc.org\/es\/wp-json\/wp\/v2\/pages\/388","targetHints":{"allow":["GET"]}}],"collection":[{"href":"https:\/\/sraclc.org\/es\/wp-json\/wp\/v2\/pages"}],"about":[{"href":"https:\/\/sraclc.org\/es\/wp-json\/wp\/v2\/types\/page"}],"author":[{"embeddable":true,"href":"https:\/\/sraclc.org\/es\/wp-json\/wp\/v2\/users\/1"}],"replies":[{"embeddable":true,"href":"https:\/\/sraclc.org\/es\/wp-json\/wp\/v2\/comments?post=388"}],"version-history":[{"count":24,"href":"https:\/\/sraclc.org\/es\/wp-json\/wp\/v2\/pages\/388\/revisions"}],"predecessor-version":[{"id":16437,"href":"https:\/\/sraclc.org\/es\/wp-json\/wp\/v2\/pages\/388\/revisions\/16437"}],"wp:attachment":[{"href":"https:\/\/sraclc.org\/es\/wp-json\/wp\/v2\/media?parent=388"}],"curies":[{"name":"wp","href":"https:\/\/api.w.org\/{rel}","templated":true}]}}