{"id":397,"date":"2019-07-23T18:09:31","date_gmt":"2019-07-23T18:09:31","guid":{"rendered":"https:\/\/sraclc.org\/wp2\/?page_id=397"},"modified":"2025-12-15T11:54:28","modified_gmt":"2025-12-15T17:54:28","slug":"donate-today","status":"publish","type":"page","link":"https:\/\/sraclc.org\/es\/support-us\/donate-today\/","title":{"rendered":"Done Hoy"},"content":{"rendered":"<p>Interesado en donar a nuestra Misi\u00f3n? Haga clic en el enlace de m\u00e1s abajo.<\/p>\n<p><a href=\"https:\/\/ilsraclcweb.myvscloud.com\/webtrac\/web\/donation.html?_csrf_token=kQ0T160S080A3J2B2G373Z3R6X5U6L6G0D5N5W56696B5M3X5S4Y1I4V4E53541I5Y5Y574Y6Z5Y5U4J6S1A5L5A6F5004714W5A4V046V3J515S0H5J5Y5X4W6Z5R6244\" target=\"_blank\" rel=\"noopener noreferrer\">Donar Aqu\u00ed<\/a><\/p>\n<hr \/>\n<h1>Los Regalos A Juego<\/h1>\n<p>Si usted est\u00e1 pensando acerca de la donaci\u00f3n de SRACLC o SRACLC de la Fundaci\u00f3n, usted podr\u00eda ser capaz de duplicar o incluso triplicar sus donaciones por medio de los regalos a juego. Muchas empresas, grandes y peque\u00f1as, partido de las donaciones hechas por sus empleados actuales e incluso a los empleados jubilados, aumentando el impacto que tiene en SRACLC y la misi\u00f3n de la Fundaci\u00f3n. Vas a ser reconocidos por el valor combinado de su donaci\u00f3n personal y la corporativa partido.<\/p>\n<p>Si su empresa es elegible, solicitar un formulario de donaciones complementarias de ellos, y enviarlo cumplimentado y firmado con su regalo a la direcci\u00f3n que aparece abajo. Vamos a tomar desde all\u00ed!<\/p>\n<p>SRACLC Fundaci\u00f3n<br \/>\n271 N. Archer Ave.<br \/>\nMundelein, IL 60060<\/p>","protected":false},"excerpt":{"rendered":"<p>Interested in donating to our Mission? Click the link below. Donate Here Matching Gifts If you\u2019re thinking about donating to SRACLC or SRACLC Foundation, you might be able to double or even triple your giving by way of matching gifts. Many companies, large and small, match donations made by their current employees and even retired &#8230; <a title=\"Done Hoy\" class=\"read-more\" href=\"https:\/\/sraclc.org\/es\/support-us\/donate-today\/\" aria-label=\"Leer m\u00e1s sobre Donate Today\">Read more<\/a><\/p>","protected":false},"author":1,"featured_media":0,"parent":65,"menu_order":0,"comment_status":"closed","ping_status":"closed","template":"","meta":{"footnotes":""},"class_list":["post-397","page","type-page","status-publish"],"_links":{"self":[{"href":"https:\/\/sraclc.org\/es\/wp-json\/wp\/v2\/pages\/397","targetHints":{"allow":["GET"]}}],"collection":[{"href":"https:\/\/sraclc.org\/es\/wp-json\/wp\/v2\/pages"}],"about":[{"href":"https:\/\/sraclc.org\/es\/wp-json\/wp\/v2\/types\/page"}],"author":[{"embeddable":true,"href":"https:\/\/sraclc.org\/es\/wp-json\/wp\/v2\/users\/1"}],"replies":[{"embeddable":true,"href":"https:\/\/sraclc.org\/es\/wp-json\/wp\/v2\/comments?post=397"}],"version-history":[{"count":14,"href":"https:\/\/sraclc.org\/es\/wp-json\/wp\/v2\/pages\/397\/revisions"}],"predecessor-version":[{"id":16794,"href":"https:\/\/sraclc.org\/es\/wp-json\/wp\/v2\/pages\/397\/revisions\/16794"}],"up":[{"embeddable":true,"href":"https:\/\/sraclc.org\/es\/wp-json\/wp\/v2\/pages\/65"}],"wp:attachment":[{"href":"https:\/\/sraclc.org\/es\/wp-json\/wp\/v2\/media?parent=397"}],"curies":[{"name":"wp","href":"https:\/\/api.w.org\/{rel}","templated":true}]}}