{"id":59,"date":"2019-04-29T18:24:49","date_gmt":"2019-04-29T18:24:49","guid":{"rendered":"https:\/\/sraclc.org\/wp2\/?page_id=59"},"modified":"2024-08-16T09:53:33","modified_gmt":"2024-08-16T14:53:33","slug":"programs","status":"publish","type":"page","link":"https:\/\/sraclc.org\/es\/programs\/","title":{"rendered":"Los programas de"},"content":{"rendered":"<div class=\"gb-container gb-container-a84c3212\">\n<div class=\"gb-grid-wrapper gb-grid-wrapper-d3f3d178\">\n<div class=\"gb-grid-column gb-grid-column-15afe725\"><div class=\"gb-container gb-container-15afe725\">\n\n<p>SRACLC ofrece cerca de 500 programas semanales, eventos especiales, y campamentos durante el a\u00f1o. La Asociaci\u00f3n utiliza parque local de los distritos, los departamentos de recreaci\u00f3n, escuelas, y centros privados para prop\u00f3sitos de programaci\u00f3n. <\/p>\n\n<\/div><\/div>\n\n<div class=\"gb-grid-column gb-grid-column-d9ae855c\"><div class=\"gb-container gb-container-d9ae855c\">\n\n<figure class=\"gb-block-image gb-block-image-9ee4dd56\"><img loading=\"lazy\" decoding=\"async\" width=\"350\" height=\"285\" class=\"gb-image gb-image-9ee4dd56\" src=\"https:\/\/sraclc.org\/wp2\/wp-content\/uploads\/2024\/08\/Programs-Home-Page-1.jpg\" alt=\"Young Adult Male standing in front of aquarium\" title=\"Programas-Inicio-P\u00e1gina\" srcset=\"https:\/\/sraclc.org\/wp2\/wp-content\/uploads\/2024\/08\/Programs-Home-Page-1.jpg 350w, https:\/\/sraclc.org\/wp2\/wp-content\/uploads\/2024\/08\/Programs-Home-Page-1-300x244.jpg 300w, https:\/\/sraclc.org\/wp2\/wp-content\/uploads\/2024\/08\/Programs-Home-Page-1-15x12.jpg 15w\" sizes=\"auto, (max-width: 350px) 100vw, 350px\" \/><\/figure>\n\n<\/div><\/div>\n<\/div>\n<\/div>\n\n\n<h4 class=\"gb-headline gb-headline-d6b62b98 gb-headline-text\"><strong>Las \u00e1reas del programa y los servicios ofrecidos son los siguientes:<\/strong><\/h4>\n\n\n<div class=\"gb-container gb-container-d9695863\">\n<div class=\"gb-grid-wrapper gb-grid-wrapper-6bf4e16f\">\n<div class=\"gb-grid-column gb-grid-column-0a44eec3\"><div class=\"gb-container gb-container-0a44eec3\">\n\n<p>La Juventud\/Adolescente A Los Programas De<br>Adolescentes\/Adultos Programas<br>Programas De D\u00eda Para Adultos<br>Programas Despu\u00e9s De La Escuela<\/p>\n\n<\/div><\/div>\n\n<div class=\"gb-grid-column gb-grid-column-231b9be2\"><div class=\"gb-container gb-container-231b9be2\">\n\n<p>Asistencia Financiera<br>La Inclusi\u00f3n De La Asistencia<br>Eventos Especiales<br>Olimpiadas Especiales<br><\/p>\n\n<\/div><\/div>\n\n<div class=\"gb-grid-column gb-grid-column-c4863c90\"><div class=\"gb-container gb-container-c4863c90\">\n\n<p>Campamento De D\u00eda De Verano<br>Vacaciones\/Viajes De Noche<br>El Veterano Programa<br>Programas Semanales<\/p>\n\n<\/div><\/div>\n<\/div>\n<\/div>\n\n\n<p>SRACLC tiene la intenci\u00f3n de cumplir con la Ley de Estadounidenses con Discapacidades. Para obtener m\u00e1s informaci\u00f3n, por favor llame 847-816-4866.<\/p>\n\n\n\n<p>Te gustar\u00eda un miembro de la SRACLC personal para hablar con su grupo o de negocios? Si es as\u00ed, p\u00f3ngase en contacto con el SRACLC Director Ejecutivo de la 847-816-4866.<\/p>","protected":false},"excerpt":{"rendered":"<p>Program areas and services provided include the below: SRACLC intends to comply with the Americans with Disabilities Act. For more information please call 847-816-4866. Would you like a member of the SRACLC staff to speak to your group or business? If so, please contact the SRACLC Executive Director at 847-816-4866.<\/p>","protected":false},"author":1,"featured_media":0,"parent":0,"menu_order":0,"comment_status":"closed","ping_status":"closed","template":"","meta":{"footnotes":""},"class_list":["post-59","page","type-page","status-publish"],"_links":{"self":[{"href":"https:\/\/sraclc.org\/es\/wp-json\/wp\/v2\/pages\/59","targetHints":{"allow":["GET"]}}],"collection":[{"href":"https:\/\/sraclc.org\/es\/wp-json\/wp\/v2\/pages"}],"about":[{"href":"https:\/\/sraclc.org\/es\/wp-json\/wp\/v2\/types\/page"}],"author":[{"embeddable":true,"href":"https:\/\/sraclc.org\/es\/wp-json\/wp\/v2\/users\/1"}],"replies":[{"embeddable":true,"href":"https:\/\/sraclc.org\/es\/wp-json\/wp\/v2\/comments?post=59"}],"version-history":[{"count":13,"href":"https:\/\/sraclc.org\/es\/wp-json\/wp\/v2\/pages\/59\/revisions"}],"predecessor-version":[{"id":11872,"href":"https:\/\/sraclc.org\/es\/wp-json\/wp\/v2\/pages\/59\/revisions\/11872"}],"wp:attachment":[{"href":"https:\/\/sraclc.org\/es\/wp-json\/wp\/v2\/media?parent=59"}],"curies":[{"name":"wp","href":"https:\/\/api.w.org\/{rel}","templated":true}]}}